{"id":55471,"date":"2024-02-14T17:40:46","date_gmt":"2024-02-14T16:40:46","guid":{"rendered":"https:\/\/www.factory4.lu\/?page_id=55471"},"modified":"2024-04-10T10:11:52","modified_gmt":"2024-04-10T08:11:52","slug":"parking-prive-pour-nos-clients","status":"publish","type":"page","link":"https:\/\/www.factory4.lu\/en\/parking-prive-pour-nos-clients\/","title":{"rendered":"Private car park for our clients"},"content":{"rendered":"<p>[et_pb_section fb_built=\u00a0\u00bb1&Prime; _builder_version=\u00a0\u00bb4.24.0&Prime; _module_preset=\u00a0\u00bbdefault\u00a0\u00bb custom_margin=\u00a0\u00bb0px|0px|0px|0px|false|false\u00a0\u00bb custom_padding=\u00a0\u00bb0px|0px|0px|0px|false|false\u00a0\u00bb global_colors_info=\u00a0\u00bb{}\u00a0\u00bb theme_builder_area=\u00a0\u00bbpost_content\u00a0\u00bb][et_pb_row _builder_version=\u00a0\u00bb4.24.0&Prime; _module_preset=\u00a0\u00bbdefault\u00a0\u00bb width=\u00a0\u00bb100%\u00a0\u00bb max_width=\u00a0\u00bb100%\u00a0\u00bb custom_margin=\u00a0\u00bb0px|0px|0px|0px|false|false\u00a0\u00bb custom_padding=\u00a0\u00bb0px|0px|0px|0px|false|false\u00a0\u00bb global_colors_info=\u00a0\u00bb{}\u00a0\u00bb theme_builder_area=\u00a0\u00bbpost_content\u00a0\u00bb][et_pb_column type=\u00a0\u00bb4_4&Prime; _builder_version=\u00a0\u00bb4.24.0&Prime; _module_preset=\u00a0\u00bbdefault\u00a0\u00bb global_colors_info=\u00a0\u00bb{}\u00a0\u00bb theme_builder_area=\u00a0\u00bbpost_content\u00a0\u00bb][et_pb_image src=\u00a0\u00bbhttps:\/\/www.factory4.lu\/wp-content\/uploads\/2024\/02\/image006-1-65cceccd7b03a.webp\u00a0\u00bb alt=\u00a0\u00bbimage006-1-65cceccd7b03a\u00a0\u00bb title_text=\u00a0\u00bbimage006-1-65cceccd7b03a\u00a0\u00bb force_fullwidth=\u00a0\u00bbon\u00a0\u00bb _builder_version=\u00a0\u00bb4.24.0&Prime; _module_preset=\u00a0\u00bbdefault\u00a0\u00bb global_colors_info=\u00a0\u00bb{}\u00a0\u00bb theme_builder_area=\u00a0\u00bbpost_content\u00a0\u00bb][\/et_pb_image][\/et_pb_column][\/et_pb_row][\/et_pb_section]<\/p>","protected":false},"excerpt":{"rendered":"","protected":false},"author":2,"featured_media":55132,"parent":0,"menu_order":0,"comment_status":"closed","ping_status":"closed","template":"","meta":{"_et_pb_use_builder":"on","_et_pb_old_content":"<!-- wp:paragraph -->\r\n<p>Ceci est une page d\u2019exemple. C\u2019est diff\u00e9rent d\u2019un article de blog parce qu\u2019elle restera au m\u00eame endroit et appara\u00eetra dans la navigation de votre site (dans la plupart des th\u00e8mes). La plupart des gens commencent par une page \u00ab\u00a0\u00c0 propos\u00a0\u00bb qui les pr\u00e9sente aux personnes visitant le site. Cela pourrait ressembler \u00e0 quelque chose comme cela\u00a0:<\/p>\r\n<!-- \/wp:paragraph -->\r\n\r\n<!-- wp:quote -->\r\n<blockquote class=\"wp-block-quote\"><p>Bonjour\u00a0! Je suis un m\u00e9canicien qui aspire \u00e0 devenir acteur, et voici mon site. J\u2019habite \u00e0 Bordeaux, j\u2019ai un super chien baptis\u00e9 Russell, et j\u2019aime la vodka (ainsi qu\u2019\u00eatre surpris par la pluie soudaine lors de longues balades sur la plage au coucher du soleil).<\/p><\/blockquote>\r\n<!-- \/wp:quote -->\r\n\r\n<!-- wp:paragraph -->\r\n<p>\u2026ou quelque chose comme cela\u00a0:<\/p>\r\n<!-- \/wp:paragraph -->\r\n\r\n<!-- wp:quote -->\r\n<blockquote class=\"wp-block-quote\"><p>La soci\u00e9t\u00e9 123 Machin Truc a \u00e9t\u00e9 cr\u00e9\u00e9e en 1971, et n\u2019a cess\u00e9 de proposer au public des machins-trucs de qualit\u00e9 depuis lors. Situ\u00e9e \u00e0 Saint-Remy-en-Bouzemont-Saint-Genest-et-Isson, 123 Machin Truc emploie 2 000 personnes, et fabrique toutes sortes de bidules supers pour la communaut\u00e9 bouzemontoise.<\/p><\/blockquote>\r\n<!-- \/wp:quote -->\r\n\r\n<!-- wp:paragraph -->\r\n<p>En tant que nouvel utilisateur ou utilisatrice de WordPress, vous devriez vous rendre sur <a href=\"https:\/\/www.factory4.lu\/wp-admin\/\">votre tableau de bord<\/a> pour supprimer cette page et cr\u00e9er de nouvelles pages pour votre contenu. Amusez-vous bien\u00a0!<\/p>\r\n<!-- \/wp:paragraph -->","_et_gb_content_width":"","content-type":"","inline_featured_image":false,"ngg_post_thumbnail":0,"footnotes":""},"class_list":["post-55471","page","type-page","status-publish","has-post-thumbnail","hentry"],"yoast_head":"<!-- This site is optimized with the Yoast SEO plugin v26.8 - https:\/\/yoast.com\/product\/yoast-seo-wordpress\/ -->\n<title>Cours collectifs au Luxembourg - Factory 4 SA<\/title>\n<meta name=\"description\" content=\"Factory 4, votre r\u00e9f\u00e9rence pour des cours collectifs au Luxembourg. : Body Pump, cardio, Body Balance, Yoga, Pilate, Cross Training...\" \/>\n<meta name=\"robots\" content=\"index, follow, max-snippet:-1, max-image-preview:large, max-video-preview:-1\" \/>\n<link rel=\"canonical\" href=\"https:\/\/www.factory4.lu\/en\/parking-prive-pour-nos-clients\/\" \/>\n<meta property=\"og:locale\" content=\"en_GB\" \/>\n<meta property=\"og:type\" content=\"article\" \/>\n<meta property=\"og:title\" content=\"Cours collectifs au Luxembourg - Factory 4 SA\" \/>\n<meta property=\"og:description\" content=\"Factory 4, votre r\u00e9f\u00e9rence pour des cours collectifs au Luxembourg. : Body Pump, cardio, Body Balance, Yoga, Pilate, Cross Training...\" \/>\n<meta property=\"og:url\" content=\"https:\/\/www.factory4.lu\/en\/parking-prive-pour-nos-clients\/\" \/>\n<meta property=\"og:site_name\" content=\"Factory 4 SA\" \/>\n<meta property=\"article:modified_time\" content=\"2024-04-10T08:11:52+00:00\" \/>\n<meta property=\"og:image\" content=\"https:\/\/www.factory4.lu\/wp-content\/uploads\/2023\/12\/371811836_758979342908207_2418950670555371426_n.webp\" \/>\n\t<meta property=\"og:image:width\" content=\"1920\" \/>\n\t<meta property=\"og:image:height\" content=\"609\" \/>\n\t<meta property=\"og:image:type\" content=\"image\/webp\" \/>\n<meta name=\"twitter:card\" content=\"summary_large_image\" \/>\n<meta name=\"twitter:label1\" content=\"Estimated reading time\" \/>\n\t<meta name=\"twitter:data1\" content=\"1 minute\" \/>\n<script type=\"application\/ld+json\" class=\"yoast-schema-graph\">{\"@context\":\"https:\/\/schema.org\",\"@graph\":[{\"@type\":\"WebPage\",\"@id\":\"https:\/\/www.factory4.lu\/parking-prive-pour-nos-clients\/\",\"url\":\"https:\/\/www.factory4.lu\/parking-prive-pour-nos-clients\/\",\"name\":\"Cours collectifs au Luxembourg - Factory 4 SA\",\"isPartOf\":{\"@id\":\"https:\/\/www.factory4.lu\/#website\"},\"primaryImageOfPage\":{\"@id\":\"https:\/\/www.factory4.lu\/parking-prive-pour-nos-clients\/#primaryimage\"},\"image\":{\"@id\":\"https:\/\/www.factory4.lu\/parking-prive-pour-nos-clients\/#primaryimage\"},\"thumbnailUrl\":\"https:\/\/www.factory4.lu\/wp-content\/uploads\/2023\/12\/371811836_758979342908207_2418950670555371426_n.webp\",\"datePublished\":\"2024-02-14T16:40:46+00:00\",\"dateModified\":\"2024-04-10T08:11:52+00:00\",\"description\":\"Factory 4, votre r\u00e9f\u00e9rence pour des cours collectifs au Luxembourg. : Body Pump, cardio, Body Balance, Yoga, Pilate, Cross Training...\",\"breadcrumb\":{\"@id\":\"https:\/\/www.factory4.lu\/parking-prive-pour-nos-clients\/#breadcrumb\"},\"inLanguage\":\"en-GB\",\"potentialAction\":[{\"@type\":\"ReadAction\",\"target\":[\"https:\/\/www.factory4.lu\/parking-prive-pour-nos-clients\/\"]}]},{\"@type\":\"ImageObject\",\"inLanguage\":\"en-GB\",\"@id\":\"https:\/\/www.factory4.lu\/parking-prive-pour-nos-clients\/#primaryimage\",\"url\":\"https:\/\/www.factory4.lu\/wp-content\/uploads\/2023\/12\/371811836_758979342908207_2418950670555371426_n.webp\",\"contentUrl\":\"https:\/\/www.factory4.lu\/wp-content\/uploads\/2023\/12\/371811836_758979342908207_2418950670555371426_n.webp\",\"width\":1920,\"height\":609},{\"@type\":\"BreadcrumbList\",\"@id\":\"https:\/\/www.factory4.lu\/parking-prive-pour-nos-clients\/#breadcrumb\",\"itemListElement\":[{\"@type\":\"ListItem\",\"position\":1,\"name\":\"Accueil\",\"item\":\"https:\/\/www.factory4.lu\/\"},{\"@type\":\"ListItem\",\"position\":2,\"name\":\"Parking priv\u00e9 pour nos clients\"}]},{\"@type\":\"WebSite\",\"@id\":\"https:\/\/www.factory4.lu\/#website\",\"url\":\"https:\/\/www.factory4.lu\/\",\"name\":\"Factory 4 SA\",\"description\":\"\",\"potentialAction\":[{\"@type\":\"SearchAction\",\"target\":{\"@type\":\"EntryPoint\",\"urlTemplate\":\"https:\/\/www.factory4.lu\/?s={search_term_string}\"},\"query-input\":{\"@type\":\"PropertyValueSpecification\",\"valueRequired\":true,\"valueName\":\"search_term_string\"}}],\"inLanguage\":\"en-GB\"}]}<\/script>\n<!-- \/ Yoast SEO plugin. -->","yoast_head_json":{"title":"Cours collectifs au Luxembourg - Factory 4 SA","description":"Factory 4, votre r\u00e9f\u00e9rence pour des cours collectifs au Luxembourg. : Body Pump, cardio, Body Balance, Yoga, Pilate, Cross Training...","robots":{"index":"index","follow":"follow","max-snippet":"max-snippet:-1","max-image-preview":"max-image-preview:large","max-video-preview":"max-video-preview:-1"},"canonical":"https:\/\/www.factory4.lu\/en\/parking-prive-pour-nos-clients\/","og_locale":"en_GB","og_type":"article","og_title":"Cours collectifs au Luxembourg - Factory 4 SA","og_description":"Factory 4, votre r\u00e9f\u00e9rence pour des cours collectifs au Luxembourg. : Body Pump, cardio, Body Balance, Yoga, Pilate, Cross Training...","og_url":"https:\/\/www.factory4.lu\/en\/parking-prive-pour-nos-clients\/","og_site_name":"Factory 4 SA","article_modified_time":"2024-04-10T08:11:52+00:00","og_image":[{"width":1920,"height":609,"url":"https:\/\/www.factory4.lu\/wp-content\/uploads\/2023\/12\/371811836_758979342908207_2418950670555371426_n.webp","type":"image\/webp"}],"twitter_card":"summary_large_image","twitter_misc":{"Estimated reading time":"1 minute"},"schema":{"@context":"https:\/\/schema.org","@graph":[{"@type":"WebPage","@id":"https:\/\/www.factory4.lu\/parking-prive-pour-nos-clients\/","url":"https:\/\/www.factory4.lu\/parking-prive-pour-nos-clients\/","name":"Cours collectifs au Luxembourg - Factory 4 SA","isPartOf":{"@id":"https:\/\/www.factory4.lu\/#website"},"primaryImageOfPage":{"@id":"https:\/\/www.factory4.lu\/parking-prive-pour-nos-clients\/#primaryimage"},"image":{"@id":"https:\/\/www.factory4.lu\/parking-prive-pour-nos-clients\/#primaryimage"},"thumbnailUrl":"https:\/\/www.factory4.lu\/wp-content\/uploads\/2023\/12\/371811836_758979342908207_2418950670555371426_n.webp","datePublished":"2024-02-14T16:40:46+00:00","dateModified":"2024-04-10T08:11:52+00:00","description":"Factory 4, votre r\u00e9f\u00e9rence pour des cours collectifs au Luxembourg. : Body Pump, cardio, Body Balance, Yoga, Pilate, Cross Training...","breadcrumb":{"@id":"https:\/\/www.factory4.lu\/parking-prive-pour-nos-clients\/#breadcrumb"},"inLanguage":"en-GB","potentialAction":[{"@type":"ReadAction","target":["https:\/\/www.factory4.lu\/parking-prive-pour-nos-clients\/"]}]},{"@type":"ImageObject","inLanguage":"en-GB","@id":"https:\/\/www.factory4.lu\/parking-prive-pour-nos-clients\/#primaryimage","url":"https:\/\/www.factory4.lu\/wp-content\/uploads\/2023\/12\/371811836_758979342908207_2418950670555371426_n.webp","contentUrl":"https:\/\/www.factory4.lu\/wp-content\/uploads\/2023\/12\/371811836_758979342908207_2418950670555371426_n.webp","width":1920,"height":609},{"@type":"BreadcrumbList","@id":"https:\/\/www.factory4.lu\/parking-prive-pour-nos-clients\/#breadcrumb","itemListElement":[{"@type":"ListItem","position":1,"name":"Accueil","item":"https:\/\/www.factory4.lu\/"},{"@type":"ListItem","position":2,"name":"Parking priv\u00e9 pour nos clients"}]},{"@type":"WebSite","@id":"https:\/\/www.factory4.lu\/#website","url":"https:\/\/www.factory4.lu\/","name":"Factory 4 SA","description":"","potentialAction":[{"@type":"SearchAction","target":{"@type":"EntryPoint","urlTemplate":"https:\/\/www.factory4.lu\/?s={search_term_string}"},"query-input":{"@type":"PropertyValueSpecification","valueRequired":true,"valueName":"search_term_string"}}],"inLanguage":"en-GB"}]}},"_links":{"self":[{"href":"https:\/\/www.factory4.lu\/en\/wp-json\/wp\/v2\/pages\/55471","targetHints":{"allow":["GET"]}}],"collection":[{"href":"https:\/\/www.factory4.lu\/en\/wp-json\/wp\/v2\/pages"}],"about":[{"href":"https:\/\/www.factory4.lu\/en\/wp-json\/wp\/v2\/types\/page"}],"author":[{"embeddable":true,"href":"https:\/\/www.factory4.lu\/en\/wp-json\/wp\/v2\/users\/2"}],"replies":[{"embeddable":true,"href":"https:\/\/www.factory4.lu\/en\/wp-json\/wp\/v2\/comments?post=55471"}],"version-history":[{"count":6,"href":"https:\/\/www.factory4.lu\/en\/wp-json\/wp\/v2\/pages\/55471\/revisions"}],"predecessor-version":[{"id":55594,"href":"https:\/\/www.factory4.lu\/en\/wp-json\/wp\/v2\/pages\/55471\/revisions\/55594"}],"wp:featuredmedia":[{"embeddable":true,"href":"https:\/\/www.factory4.lu\/en\/wp-json\/wp\/v2\/media\/55132"}],"wp:attachment":[{"href":"https:\/\/www.factory4.lu\/en\/wp-json\/wp\/v2\/media?parent=55471"}],"curies":[{"name":"wp","href":"https:\/\/api.w.org\/{rel}","templated":true}]}}