{"id":52764,"date":"2022-01-28T14:55:19","date_gmt":"2022-01-28T13:55:19","guid":{"rendered":"https:\/\/www.factory4.lu\/?page_id=52764"},"modified":"2024-02-05T15:26:47","modified_gmt":"2024-02-05T14:26:47","slug":"actualites","status":"publish","type":"page","link":"https:\/\/www.factory4.lu\/en\/actualites\/","title":{"rendered":"News"},"content":{"rendered":"<p>[et_pb_section fb_built=\u00a0\u00bb1&Prime; admin_label=\u00a0\u00bb2&Prime; _builder_version=\u00a0\u00bb4.24.0&Prime; background_color=\u00a0\u00bb#101010&Prime; custom_padding=\u00a0\u00bb110px||110px||true|false\u00a0\u00bb global_colors_info=\u00a0\u00bb{}\u00a0\u00bb][et_pb_row use_custom_gutter=\u00a0\u00bbon\u00a0\u00bb make_equal=\u00a0\u00bbon\u00a0\u00bb custom_padding_last_edited=\u00a0\u00bboff|desktop\u00a0\u00bb padding_top_bottom_link_1=\u00a0\u00bbtrue\u00a0\u00bb padding_top_bottom_link_2=\u00a0\u00bbtrue\u00a0\u00bb padding_left_right_link_1=\u00a0\u00bbtrue\u00a0\u00bb padding_left_right_link_2=\u00a0\u00bbtrue\u00a0\u00bb _builder_version=\u00a0\u00bb4.24.0&Prime; background_enable_color=\u00a0\u00bboff\u00a0\u00bb custom_padding=\u00a0\u00bb0px||0px||true\u00a0\u00bb custom_padding_phone=\u00a0\u00bb|20px||20px||true\u00a0\u00bb use_custom_width=\u00a0\u00bbon\u00a0\u00bb custom_width_px=\u00a0\u00bb1280px\u00a0\u00bb global_colors_info=\u00a0\u00bb{}\u00a0\u00bb][et_pb_column type=\u00a0\u00bb4_4&Prime; _builder_version=\u00a0\u00bb4.24.0&Prime; custom_padding=\u00a0\u00bb||||false|false\u00a0\u00bb custom_padding_tablet=\u00a0\u00bb|40px||\u00a0\u00bb custom_padding_phone=\u00a0\u00bb40px|20px|40px|20px|true|true\u00a0\u00bb custom_padding_last_edited=\u00a0\u00bbon|tablet\u00a0\u00bb global_colors_info=\u00a0\u00bb{}\u00a0\u00bb custom_padding__hover=\u00a0\u00bb|||\u00a0\u00bb][dgbm_blog_module show_thumbnail=\u00a0\u00bboff\u00a0\u00bb show_excerpt_length=\u00a0\u00bb200&Prime; show_categories=\u00a0\u00bboff\u00a0\u00bb show_author=\u00a0\u00bboff\u00a0\u00bb show_date=\u00a0\u00bboff\u00a0\u00bb show_more=\u00a0\u00bbon\u00a0\u00bb read_more_text=\u00a0\u00bbLIRE LA SUITE\u00a0\u00bb item_in_desktop=\u00a0\u00bb2&Prime; button_bg_color=\u00a0\u00bb#CA9E67&Prime; pagination_background=\u00a0\u00bbRGBA(255,255,255,0)\u00a0\u00bb content_margin=\u00a0\u00bb8%||8%||true|false\u00a0\u00bb content_padding=\u00a0\u00bb|30px||30px|false|true\u00a0\u00bb content_padding_last_edited=\u00a0\u00bboff|phone\u00a0\u00bb text_margin=\u00a0\u00bb30px||30px||true|false\u00a0\u00bb button_margin=\u00a0\u00bb||||false|false\u00a0\u00bb button_padding=\u00a0\u00bb10px|25px|10px|25px|true|true\u00a0\u00bb _builder_version=\u00a0\u00bb4.24.0&Prime; _module_preset=\u00a0\u00bbdefault\u00a0\u00bb title_text_color=\u00a0\u00bb#FFFFFF\u00a0\u00bb title_font_size=\u00a0\u00bb25px\u00a0\u00bb title_letter_spacing=\u00a0\u00bb3.75px\u00a0\u00bb title_line_height=\u00a0\u00bb1.25em\u00a0\u00bb content_text_color=\u00a0\u00bb#FFFFFF\u00a0\u00bb content_font_size=\u00a0\u00bb15px\u00a0\u00bb content_letter_spacing=\u00a0\u00bb1.4px\u00a0\u00bb content_line_height=\u00a0\u00bb1.3em\u00a0\u00bb read_more_font=\u00a0\u00bb||||||||\u00a0\u00bb border_width_all_post_item=\u00a0\u00bb2px\u00a0\u00bb border_color_all_post_item=\u00a0\u00bb#CA9E67&Prime; global_colors_info=\u00a0\u00bb{}\u00a0\u00bb][\/dgbm_blog_module][\/et_pb_column][\/et_pb_row][\/et_pb_section]<\/p>","protected":false},"excerpt":{"rendered":"<div class=\"et_pb_with_border et_pb_module dgbm_blog_module dgbm_blog_module_0\">\n\t\t\t\t\n\t\t\t\t\n\t\t\t\t\n\t\t\t\t\n\t\t\t\t\n\t\t\t\t\n\t\t\t\t<div class=\"et_pb_module_inner\">\n\t\t\t\t\t<div class=\"dg-blog-module\">\r\n\t\t\t\t\t\t\t<div class=\"dg-blog-inner-wrapper column-2 column-tablet-2 column-mobile-1 image-top\">\r\n\t\t\t\t\t\t\t\t<div class=\"et_pb_ajax_pagination_container\">\r\n\t\t\t\t\t\t\t\t\t<div class=\"dg-blog-grid\" >                <article id=\"post-56829\" class=\"dgbm_post_item v2 post-56829 post type-post status-publish format-standard has-post-thumbnail hentry category-non-classe\" >\r\n                                                                <div class=\"content-wrapper\">\r\n                                                        <h2 class=\"dg_bm_title\"><a href=\"https:\/\/www.factory4.lu\/en\/cours-de-yoga-a-luxembourg-ville-trouvez-la-paix-apres-le-tumulte-quotidien\/\">Cours de yoga \u00e0 Luxembourg Ville : trouvez la paix apr\u00e8s le tumulte quotidien<\/a><\/h2>                                                        <div class=\"post-content\"><p>Les cours de yoga \u00e0 Luxembourg Ville offrent une parenth\u00e8se de calme o\u00f9 le souffle reprend ses droits au milieu du chaos urbain. Chez Factory4, ces s\u00e9ances guident vers une d\u00e9tente profonde qui...<\/p>\n<\/div>                            <div class=\"dg_read_more_wrapper\"><a class=\"read-more\" href=\"https:\/\/www.factory4.lu\/en\/cours-de-yoga-a-luxembourg-ville-trouvez-la-paix-apres-le-tumulte-quotidien\/\" ><span>LIRE LA SUITE<\/span><\/a><\/div>                            \r\n                        <\/div>\r\n                                    <\/article>\r\n                                <article id=\"post-56827\" class=\"dgbm_post_item v2 post-56827 post type-post status-publish format-standard has-post-thumbnail hentry category-non-classe\" >\r\n                                                                <div class=\"content-wrapper\">\r\n                                                        <h2 class=\"dg_bm_title\"><a href=\"https:\/\/www.factory4.lu\/en\/cours-collectifs-luxembourg-ville\/\">Cours collectifs \u00e0 Luxembourg Ville : boostez votre motivation dans une dynamique de groupe<\/a><\/h2>                                                        <div class=\"post-content\"><p>Les cours collectifs \u00e0 Luxembourg Ville transforment l\u2019effort solitaire en exp\u00e9rience partag\u00e9e o\u00f9 l\u2019\u00e9nergie circule librement. Chez Factory 4, plus de quatre-vingts sessions hebdomadaires r\u00e9unissent...<\/p>\n<\/div>                            <div class=\"dg_read_more_wrapper\"><a class=\"read-more\" href=\"https:\/\/www.factory4.lu\/en\/cours-collectifs-luxembourg-ville\/\" ><span>LIRE LA SUITE<\/span><\/a><\/div>                            \r\n                        <\/div>\r\n                                    <\/article>\r\n                                <article id=\"post-56825\" class=\"dgbm_post_item v2 post-56825 post type-post status-publish format-standard has-post-thumbnail hentry category-non-classe\" >\r\n                                                                <div class=\"content-wrapper\">\r\n                                                        <h2 class=\"dg_bm_title\"><a href=\"https:\/\/www.factory4.lu\/en\/coaching-sportif-luxembourg\/\">Coaching sportif au Luxembourg : restez actifs et mobiles apr\u00e8s cinquante ans<\/a><\/h2>                                                        <div class=\"post-content\"><p>Le coaching sportif au Luxembourg s\u2019adapte avec douceur aux besoins des corps qui ont d\u00e9j\u00e0 v\u00e9cu plusieurs d\u00e9cennies. Chez Factory 4, ces accompagnements privil\u00e9gient des mouvements lents et...<\/p>\n<\/div>                            <div class=\"dg_read_more_wrapper\"><a class=\"read-more\" href=\"https:\/\/www.factory4.lu\/en\/coaching-sportif-luxembourg\/\" ><span>LIRE LA SUITE<\/span><\/a><\/div>                            \r\n                        <\/div>\r\n                                    <\/article>\r\n                                <article id=\"post-56823\" class=\"dgbm_post_item v2 post-56823 post type-post status-publish format-standard has-post-thumbnail hentry category-non-classe\" >\r\n                                                                <div class=\"content-wrapper\">\r\n                                                        <h2 class=\"dg_bm_title\"><a href=\"https:\/\/www.factory4.lu\/en\/entraineur-personnel-luxembourg\/\">Entra\u00eeneur personnel au Luxembourg : forgez votre mental avant chaque comp\u00e9tition<\/a><\/h2>                                                        <div class=\"post-content\"><p>Un entra\u00eeneur personnel au Luxembourg ne se contente pas de guider les gestes, il pr\u00e9pare aussi l\u2019esprit \u00e0 affronter la pression des \u00e9preuves. Chez Factory 4, ces suivis individuels int\u00e8grent des...<\/p>\n<\/div>                            <div class=\"dg_read_more_wrapper\"><a class=\"read-more\" href=\"https:\/\/www.factory4.lu\/en\/entraineur-personnel-luxembourg\/\" ><span>LIRE LA SUITE<\/span><\/a><\/div>                            \r\n                        <\/div>\r\n                                    <\/article>\r\n                                <article id=\"post-56821\" class=\"dgbm_post_item v2 post-56821 post type-post status-publish format-standard has-post-thumbnail hentry category-non-classe\" >\r\n                                                                <div class=\"content-wrapper\">\r\n                                                        <h2 class=\"dg_bm_title\"><a href=\"https:\/\/www.factory4.lu\/en\/salle-de-sport-luxembourg-ville\/\">Salle de sport \u00e0 Luxembourg Ville : \u00e9voluez dans un espace wellness complet<\/a><\/h2>                                                        <div class=\"post-content\"><p>Une salle de sport \u00e0 Luxembourg Ville se doit d\u2019offrir plus que des machines : un vrai cocon pour se ressourcer. Factory 4 r\u00e9unit 3200 m\u00b2 o\u00f9 effort et d\u00e9tente se c\u00f4toient harmonieusement. Ici,...<\/p>\n<\/div>                            <div class=\"dg_read_more_wrapper\"><a class=\"read-more\" href=\"https:\/\/www.factory4.lu\/en\/salle-de-sport-luxembourg-ville\/\" ><span>LIRE LA SUITE<\/span><\/a><\/div>                            \r\n                        <\/div>\r\n                                    <\/article>\r\n                                <article id=\"post-56819\" class=\"dgbm_post_item v2 post-56819 post type-post status-publish format-standard has-post-thumbnail hentry category-non-classe\" >\r\n                                                                <div class=\"content-wrapper\">\r\n                                                        <h2 class=\"dg_bm_title\"><a href=\"https:\/\/www.factory4.lu\/en\/coaching-personnalise-luxembourg-ville\/\">Coaching personnalis\u00e9 \u00e0 Luxembourg Ville : perdez du poids en harmonie avec votre vie<\/a><\/h2>                                                        <div class=\"post-content\"><p>Le coaching personnalis\u00e9 \u00e0 Luxembourg Ville accompagne une perte de poids durable, sans r\u00e9gime drastique. Chez Factory4, chaque programme s\u2019adapte au rythme personnel pour que les changements...<\/p>\n<\/div>                            <div class=\"dg_read_more_wrapper\"><a class=\"read-more\" href=\"https:\/\/www.factory4.lu\/en\/coaching-personnalise-luxembourg-ville\/\" ><span>LIRE LA SUITE<\/span><\/a><\/div>                            \r\n                        <\/div>\r\n                                    <\/article>\r\n                                <article id=\"post-56817\" class=\"dgbm_post_item v2 post-56817 post type-post status-publish format-standard has-post-thumbnail hentry category-non-classe\" >\r\n                                                                <div class=\"content-wrapper\">\r\n                                                        <h2 class=\"dg_bm_title\"><a href=\"https:\/\/www.factory4.lu\/en\/preparation-physique-luxembourg\/\">Pr\u00e9paration physique au Luxembourg : pr\u00e9parez-vous aux d\u00e9fis des sentiers ardennais<\/a><\/h2>                                                        <div class=\"post-content\"><p>La pr\u00e9paration physique au Luxembourg devient essentielle quand on vise les trails ou les randonn\u00e9es escarp\u00e9es. Factory 4 propose des programmes adapt\u00e9s pour renforcer jambes et endurance face aux...<\/p>\n<\/div>                            <div class=\"dg_read_more_wrapper\"><a class=\"read-more\" href=\"https:\/\/www.factory4.lu\/en\/preparation-physique-luxembourg\/\" ><span>LIRE LA SUITE<\/span><\/a><\/div>                            \r\n                        <\/div>\r\n                                    <\/article>\r\n                                <article id=\"post-56815\" class=\"dgbm_post_item v2 post-56815 post type-post status-publish format-standard has-post-thumbnail hentry category-non-classe\" >\r\n                                                                <div class=\"content-wrapper\">\r\n                                                        <h2 class=\"dg_bm_title\"><a href=\"https:\/\/www.factory4.lu\/en\/cours-de-danse-luxembourg\/\">Cours de danse au Luxembourg : lib\u00e9rez votre \u00e9nergie sur des rythmes enivrants<\/a><\/h2>                                                        <div class=\"post-content\"><p>Les cours de danse au Luxembourg transforment une simple s\u00e9ance en moment de pure joie. Chez Factory 4, ces ateliers collectifs m\u00ealent salsa endiabl\u00e9e et hip-hop moderne pour \u00e9vacuer le stress...<\/p>\n<\/div>                            <div class=\"dg_read_more_wrapper\"><a class=\"read-more\" href=\"https:\/\/www.factory4.lu\/en\/cours-de-danse-luxembourg\/\" ><span>LIRE LA SUITE<\/span><\/a><\/div>                            \r\n                        <\/div>\r\n                                    <\/article>\r\n                                <article id=\"post-56812\" class=\"dgbm_post_item v2 post-56812 post type-post status-publish format-standard has-post-thumbnail hentry category-non-classe\" >\r\n                                                                <div class=\"content-wrapper\">\r\n                                                        <h2 class=\"dg_bm_title\"><a href=\"https:\/\/www.factory4.lu\/en\/coach-personnel-luxembourg-ville\/\">Coach personnel \u00e0 Luxembourg Ville : corrigez vos postures pour un quotidien sans douleur<\/a><\/h2>                                                        <div class=\"post-content\"><p>Un coach personnel \u00e0 Luxembourg Ville identifie et rectifie les d\u00e9s\u00e9quilibres n\u00e9s d\u2019heures pass\u00e9es assis. Chez Factory 4, ces accompagnements individuels r\u00e9alignent le corps \u00e9tape par \u00e9tape et...<\/p>\n<\/div>                            <div class=\"dg_read_more_wrapper\"><a class=\"read-more\" href=\"https:\/\/www.factory4.lu\/en\/coach-personnel-luxembourg-ville\/\" ><span>LIRE LA SUITE<\/span><\/a><\/div>                            \r\n                        <\/div>\r\n                                    <\/article>\r\n                                <article id=\"post-56810\" class=\"dgbm_post_item v2 post-56810 post type-post status-publish format-standard has-post-thumbnail hentry category-non-classe\" >\r\n                                                                <div class=\"content-wrapper\">\r\n                                                        <h2 class=\"dg_bm_title\"><a href=\"https:\/\/www.factory4.lu\/en\/salle-de-fitness-luxembourg-ville\/\">Salle de fitness \u00e0 Luxembourg Ville : optez pour un espace high-tech et accueillant<\/a><\/h2>                                                        <div class=\"post-content\"><p>Une salle de fitness \u00e0 Luxembourg Ville doit allier technologie et convivialit\u00e9 pour motiver durablement. Factory 4, avec ses 3200 m\u00b2, propose exactement cela : machines dernier cri et zones d\u00e9di\u00e9es...<\/p>\n<\/div>                            <div class=\"dg_read_more_wrapper\"><a class=\"read-more\" href=\"https:\/\/www.factory4.lu\/en\/salle-de-fitness-luxembourg-ville\/\" ><span>LIRE LA SUITE<\/span><\/a><\/div>                            \r\n                        <\/div>\r\n                                    <\/article>\r\n                                <article id=\"post-56808\" class=\"dgbm_post_item v2 post-56808 post type-post status-publish format-standard has-post-thumbnail hentry category-non-classe\" >\r\n                                                                <div class=\"content-wrapper\">\r\n                                                        <h2 class=\"dg_bm_title\"><a href=\"https:\/\/www.factory4.lu\/en\/cross-training-luxembourg\/\">Cross training au Luxembourg : devenez polyvalent sans vous lasser<\/a><\/h2>                                                        <div class=\"post-content\"><p>Le cross training au Luxembourg repr\u00e9sente une approche hybride pour d\u00e9velopper force et agilit\u00e9 en une seule s\u00e9ance. Factory 4 excelle dans ces programmes qui m\u00ealent halt\u00e8res, tractions et...<\/p>\n<\/div>                            <div class=\"dg_read_more_wrapper\"><a class=\"read-more\" href=\"https:\/\/www.factory4.lu\/en\/cross-training-luxembourg\/\" ><span>LIRE LA SUITE<\/span><\/a><\/div>                            \r\n                        <\/div>\r\n                                    <\/article>\r\n                                <article id=\"post-56806\" class=\"dgbm_post_item v2 post-56806 post type-post status-publish format-standard has-post-thumbnail hentry category-non-classe\" >\r\n                                                                <div class=\"content-wrapper\">\r\n                                                        <h2 class=\"dg_bm_title\"><a href=\"https:\/\/www.factory4.lu\/en\/cours-de-cardio-luxembourg\/\">Cours de cardio au Luxembourg : boostez votre endurance face au froid hivernal<\/a><\/h2>                                                        <div class=\"post-content\"><p>Les cours de cardio au Luxembourg offrent une solution id\u00e9ale pour maintenir une forme optimale m\u00eame quand les temp\u00e9ratures chutent. Chez Factory 4, ces sessions intenses combinent rameurs, v\u00e9los et...<\/p>\n<\/div>                            <div class=\"dg_read_more_wrapper\"><a class=\"read-more\" href=\"https:\/\/www.factory4.lu\/en\/cours-de-cardio-luxembourg\/\" ><span>LIRE LA SUITE<\/span><\/a><\/div>                            \r\n                        <\/div>\r\n                                    <\/article>\r\n                <\/div><div class=\"pagination clearfix\">\n\t<div class=\"alignleft\"><a href=\"https:\/\/www.factory4.lu\/en\/wp-json\/wp\/v2\/pages\/52764\/page\/2\/?et_blog\" >&laquo; Older Entries<\/a><\/div>\n\t<div class=\"alignright\"><\/div>\n<\/div> \r\n\t\t\t\t\t\t\t\t<\/div>\r\n\t\t\t\t\t\t\t<\/div>\r\n                        <\/div>\n\t\t\t\t<\/div>\n\t\t\t<\/div>","protected":false},"author":1,"featured_media":55132,"parent":0,"menu_order":0,"comment_status":"closed","ping_status":"closed","template":"","meta":{"_et_pb_use_builder":"on","_et_pb_old_content":"","_et_gb_content_width":"","content-type":"","inline_featured_image":false,"ngg_post_thumbnail":0,"footnotes":""},"class_list":["post-52764","page","type-page","status-publish","has-post-thumbnail","hentry"],"yoast_head":"<!-- This site is optimized with the Yoast SEO plugin v26.8 - https:\/\/yoast.com\/product\/yoast-seo-wordpress\/ -->\n<title>Actualit\u00e9s - Factory 4 SA<\/title>\n<meta name=\"description\" content=\"Actualit\u00e9s de Factory 4, salle de fitness au Luxembourg. Cours collectifs et coaching personnalis\u00e9. Body pump, cardio, cross training...\" \/>\n<meta name=\"robots\" content=\"index, follow, max-snippet:-1, max-image-preview:large, max-video-preview:-1\" \/>\n<link rel=\"canonical\" href=\"https:\/\/www.factory4.lu\/en\/actualites\/\" \/>\n<meta property=\"og:locale\" content=\"en_GB\" \/>\n<meta property=\"og:type\" content=\"article\" \/>\n<meta property=\"og:title\" content=\"Actualit\u00e9s - Factory 4 SA\" \/>\n<meta property=\"og:description\" content=\"Actualit\u00e9s de Factory 4, salle de fitness au Luxembourg. Cours collectifs et coaching personnalis\u00e9. Body pump, cardio, cross training...\" \/>\n<meta property=\"og:url\" content=\"https:\/\/www.factory4.lu\/en\/actualites\/\" \/>\n<meta property=\"og:site_name\" content=\"Factory 4 SA\" \/>\n<meta property=\"article:modified_time\" content=\"2024-02-05T14:26:47+00:00\" \/>\n<meta name=\"twitter:card\" content=\"summary_large_image\" \/>\n<meta name=\"twitter:label1\" content=\"Estimated reading time\" \/>\n\t<meta name=\"twitter:data1\" content=\"1 minute\" \/>\n<script type=\"application\/ld+json\" class=\"yoast-schema-graph\">{\"@context\":\"https:\/\/schema.org\",\"@graph\":[{\"@type\":\"WebPage\",\"@id\":\"https:\/\/www.factory4.lu\/actualites\/\",\"url\":\"https:\/\/www.factory4.lu\/actualites\/\",\"name\":\"Actualit\u00e9s - Factory 4 SA\",\"isPartOf\":{\"@id\":\"https:\/\/www.factory4.lu\/#website\"},\"primaryImageOfPage\":{\"@id\":\"https:\/\/www.factory4.lu\/actualites\/#primaryimage\"},\"image\":{\"@id\":\"https:\/\/www.factory4.lu\/actualites\/#primaryimage\"},\"thumbnailUrl\":\"https:\/\/www.factory4.lu\/wp-content\/uploads\/2023\/12\/371811836_758979342908207_2418950670555371426_n.webp\",\"datePublished\":\"2022-01-28T13:55:19+00:00\",\"dateModified\":\"2024-02-05T14:26:47+00:00\",\"description\":\"Actualit\u00e9s de Factory 4, salle de fitness au Luxembourg. Cours collectifs et coaching personnalis\u00e9. Body pump, cardio, cross training...\",\"breadcrumb\":{\"@id\":\"https:\/\/www.factory4.lu\/actualites\/#breadcrumb\"},\"inLanguage\":\"en-GB\",\"potentialAction\":[{\"@type\":\"ReadAction\",\"target\":[\"https:\/\/www.factory4.lu\/actualites\/\"]}]},{\"@type\":\"ImageObject\",\"inLanguage\":\"en-GB\",\"@id\":\"https:\/\/www.factory4.lu\/actualites\/#primaryimage\",\"url\":\"https:\/\/www.factory4.lu\/wp-content\/uploads\/2023\/12\/371811836_758979342908207_2418950670555371426_n.webp\",\"contentUrl\":\"https:\/\/www.factory4.lu\/wp-content\/uploads\/2023\/12\/371811836_758979342908207_2418950670555371426_n.webp\",\"width\":1920,\"height\":609},{\"@type\":\"BreadcrumbList\",\"@id\":\"https:\/\/www.factory4.lu\/actualites\/#breadcrumb\",\"itemListElement\":[{\"@type\":\"ListItem\",\"position\":1,\"name\":\"Accueil\",\"item\":\"https:\/\/www.factory4.lu\/\"},{\"@type\":\"ListItem\",\"position\":2,\"name\":\"Actualit\u00e9s\"}]},{\"@type\":\"WebSite\",\"@id\":\"https:\/\/www.factory4.lu\/#website\",\"url\":\"https:\/\/www.factory4.lu\/\",\"name\":\"Factory 4 SA\",\"description\":\"\",\"potentialAction\":[{\"@type\":\"SearchAction\",\"target\":{\"@type\":\"EntryPoint\",\"urlTemplate\":\"https:\/\/www.factory4.lu\/?s={search_term_string}\"},\"query-input\":{\"@type\":\"PropertyValueSpecification\",\"valueRequired\":true,\"valueName\":\"search_term_string\"}}],\"inLanguage\":\"en-GB\"}]}<\/script>\n<!-- \/ Yoast SEO plugin. -->","yoast_head_json":{"title":"Actualit\u00e9s - Factory 4 SA","description":"Actualit\u00e9s de Factory 4, salle de fitness au Luxembourg. Cours collectifs et coaching personnalis\u00e9. Body pump, cardio, cross training...","robots":{"index":"index","follow":"follow","max-snippet":"max-snippet:-1","max-image-preview":"max-image-preview:large","max-video-preview":"max-video-preview:-1"},"canonical":"https:\/\/www.factory4.lu\/en\/actualites\/","og_locale":"en_GB","og_type":"article","og_title":"Actualit\u00e9s - Factory 4 SA","og_description":"Actualit\u00e9s de Factory 4, salle de fitness au Luxembourg. Cours collectifs et coaching personnalis\u00e9. Body pump, cardio, cross training...","og_url":"https:\/\/www.factory4.lu\/en\/actualites\/","og_site_name":"Factory 4 SA","article_modified_time":"2024-02-05T14:26:47+00:00","twitter_card":"summary_large_image","twitter_misc":{"Estimated reading time":"1 minute"},"schema":{"@context":"https:\/\/schema.org","@graph":[{"@type":"WebPage","@id":"https:\/\/www.factory4.lu\/actualites\/","url":"https:\/\/www.factory4.lu\/actualites\/","name":"Actualit\u00e9s - Factory 4 SA","isPartOf":{"@id":"https:\/\/www.factory4.lu\/#website"},"primaryImageOfPage":{"@id":"https:\/\/www.factory4.lu\/actualites\/#primaryimage"},"image":{"@id":"https:\/\/www.factory4.lu\/actualites\/#primaryimage"},"thumbnailUrl":"https:\/\/www.factory4.lu\/wp-content\/uploads\/2023\/12\/371811836_758979342908207_2418950670555371426_n.webp","datePublished":"2022-01-28T13:55:19+00:00","dateModified":"2024-02-05T14:26:47+00:00","description":"Actualit\u00e9s de Factory 4, salle de fitness au Luxembourg. Cours collectifs et coaching personnalis\u00e9. Body pump, cardio, cross training...","breadcrumb":{"@id":"https:\/\/www.factory4.lu\/actualites\/#breadcrumb"},"inLanguage":"en-GB","potentialAction":[{"@type":"ReadAction","target":["https:\/\/www.factory4.lu\/actualites\/"]}]},{"@type":"ImageObject","inLanguage":"en-GB","@id":"https:\/\/www.factory4.lu\/actualites\/#primaryimage","url":"https:\/\/www.factory4.lu\/wp-content\/uploads\/2023\/12\/371811836_758979342908207_2418950670555371426_n.webp","contentUrl":"https:\/\/www.factory4.lu\/wp-content\/uploads\/2023\/12\/371811836_758979342908207_2418950670555371426_n.webp","width":1920,"height":609},{"@type":"BreadcrumbList","@id":"https:\/\/www.factory4.lu\/actualites\/#breadcrumb","itemListElement":[{"@type":"ListItem","position":1,"name":"Accueil","item":"https:\/\/www.factory4.lu\/"},{"@type":"ListItem","position":2,"name":"Actualit\u00e9s"}]},{"@type":"WebSite","@id":"https:\/\/www.factory4.lu\/#website","url":"https:\/\/www.factory4.lu\/","name":"Factory 4 SA","description":"","potentialAction":[{"@type":"SearchAction","target":{"@type":"EntryPoint","urlTemplate":"https:\/\/www.factory4.lu\/?s={search_term_string}"},"query-input":{"@type":"PropertyValueSpecification","valueRequired":true,"valueName":"search_term_string"}}],"inLanguage":"en-GB"}]}},"_links":{"self":[{"href":"https:\/\/www.factory4.lu\/en\/wp-json\/wp\/v2\/pages\/52764","targetHints":{"allow":["GET"]}}],"collection":[{"href":"https:\/\/www.factory4.lu\/en\/wp-json\/wp\/v2\/pages"}],"about":[{"href":"https:\/\/www.factory4.lu\/en\/wp-json\/wp\/v2\/types\/page"}],"author":[{"embeddable":true,"href":"https:\/\/www.factory4.lu\/en\/wp-json\/wp\/v2\/users\/1"}],"replies":[{"embeddable":true,"href":"https:\/\/www.factory4.lu\/en\/wp-json\/wp\/v2\/comments?post=52764"}],"version-history":[{"count":5,"href":"https:\/\/www.factory4.lu\/en\/wp-json\/wp\/v2\/pages\/52764\/revisions"}],"predecessor-version":[{"id":55414,"href":"https:\/\/www.factory4.lu\/en\/wp-json\/wp\/v2\/pages\/52764\/revisions\/55414"}],"wp:featuredmedia":[{"embeddable":true,"href":"https:\/\/www.factory4.lu\/en\/wp-json\/wp\/v2\/media\/55132"}],"wp:attachment":[{"href":"https:\/\/www.factory4.lu\/en\/wp-json\/wp\/v2\/media?parent=52764"}],"curies":[{"name":"wp","href":"https:\/\/api.w.org\/{rel}","templated":true}]}}